{"id":14,"date":"2023-01-23T20:09:11","date_gmt":"2023-01-23T20:09:11","guid":{"rendered":"https:\/\/autobahnkirche-rothenschirmbach.de\/?page_id=14"},"modified":"2023-01-24T07:51:25","modified_gmt":"2023-01-24T07:51:25","slug":"willkommen","status":"publish","type":"page","link":"https:\/\/autobahnkirche-rothenschirmbach.de\/","title":{"rendered":"Willkommen"},"content":{"rendered":"\n<p class=\"has-black-color has-text-color\">Wir begr\u00fc\u00dfen Sie auf unserer Webseite und laden Sie zu einem interessanten und vielleicht auch ungew\u00f6hnlichen Besuch ein. Nehmen Sie sich einen Moment Zeit und lassen Sie sich auf einen Ort der Besinnung und Ruhe ein.<\/p>\n\n\n\n<h2 class=\"wp-block-heading\"><strong>Die Autobahnkirche Rothenschirmbach<\/strong><\/h2>\n\n\n\n<p class=\"has-black-color has-text-color\">Die alte, vermutlich schon im 10. Jahrhundert gegr\u00fcndete und dem Heiligen Pancratius geweihte Kirche wurde im Jahre 1893 innerhalb eines knappen Jahres durch diese neue im Bild zu sehende Kirche aus dem hier typischen Rotsandstein unserer Berge ersetzt.<br><br>Am 11. Juni 2006 wurde sie offiziell als Autobahnkirche, die 4. in Sachsen-Anhalt, eingeweiht.<\/p>\n\n\n\n<p class=\"has-black-color has-text-color\"><br>Unsere Kirche liegt von der Kreuzung Autobahn A38 \u2013 Bundesstra\u00dfe B180 ca. 800 m in nord\u00f6stlicher Richtung. Von dort kommend fahren Sie ca. 300 m bis zur Kreuzung auf die Hornburger Stra\u00dfe und weiter in den Ort.<br><br>Mit dem PKW k\u00f6nnen Sie unmittelbar an der Kirche parken. Reisebusse k\u00f6nnen bis in den Ort fahren. F\u00fcr sehr lange Fahrzeuge findet sich im s\u00fcdlich des Ortes gelegenen Gewerbegebiet eine Parkm\u00f6glichkeit (ca. 200 m bis zur Kirche).<\/p>\n\n\n\n<p class=\"has-vivid-red-color has-text-color\">Die Kirche hat das Signet:<\/p>\n\n\n\n<p class=\"has-black-color has-text-color\">\u201eVerl\u00e4sslich ge\u00f6ffnete Kirche\u201c erhalten, da das Geb\u00e4ude t\u00e4glich von 8 \u2013 18 Uhr f\u00fcr Besucher zug\u00e4nglich ist.<\/p>\n","protected":false},"excerpt":{"rendered":"<p>Wir begr\u00fc\u00dfen Sie auf unserer Webseite und laden Sie zu einem interessanten und vielleicht auch ungew\u00f6hnlichen Besuch ein. Nehmen Sie sich einen Moment Zeit und lassen Sie sich auf einen Ort der Besinnung und Ruhe ein. Die Autobahnkirche Rothenschirmbach Die alte, vermutlich schon im 10. Jahrhundert gegr\u00fcndete und dem Heiligen Pancratius geweihte Kirche wurde im [&hellip;]<\/p>\n","protected":false},"author":1,"featured_media":0,"parent":0,"menu_order":0,"comment_status":"closed","ping_status":"closed","template":"","meta":{"footnotes":""},"class_list":["post-14","page","type-page","status-publish","hentry"],"_links":{"self":[{"href":"https:\/\/autobahnkirche-rothenschirmbach.de\/index.php?rest_route=\/wp\/v2\/pages\/14","targetHints":{"allow":["GET"]}}],"collection":[{"href":"https:\/\/autobahnkirche-rothenschirmbach.de\/index.php?rest_route=\/wp\/v2\/pages"}],"about":[{"href":"https:\/\/autobahnkirche-rothenschirmbach.de\/index.php?rest_route=\/wp\/v2\/types\/page"}],"author":[{"embeddable":true,"href":"https:\/\/autobahnkirche-rothenschirmbach.de\/index.php?rest_route=\/wp\/v2\/users\/1"}],"replies":[{"embeddable":true,"href":"https:\/\/autobahnkirche-rothenschirmbach.de\/index.php?rest_route=%2Fwp%2Fv2%2Fcomments&post=14"}],"version-history":[{"count":3,"href":"https:\/\/autobahnkirche-rothenschirmbach.de\/index.php?rest_route=\/wp\/v2\/pages\/14\/revisions"}],"predecessor-version":[{"id":54,"href":"https:\/\/autobahnkirche-rothenschirmbach.de\/index.php?rest_route=\/wp\/v2\/pages\/14\/revisions\/54"}],"wp:attachment":[{"href":"https:\/\/autobahnkirche-rothenschirmbach.de\/index.php?rest_route=%2Fwp%2Fv2%2Fmedia&parent=14"}],"curies":[{"name":"wp","href":"https:\/\/api.w.org\/{rel}","templated":true}]}}