{"id":5,"date":"2023-01-23T20:04:17","date_gmt":"2023-01-23T20:04:17","guid":{"rendered":"https:\/\/autobahnkirche-rothenschirmbach.de\/?page_id=5"},"modified":"2023-01-23T20:27:01","modified_gmt":"2023-01-23T20:27:01","slug":"die-kirche","status":"publish","type":"page","link":"https:\/\/autobahnkirche-rothenschirmbach.de\/?page_id=5","title":{"rendered":"Die Kirche"},"content":{"rendered":"\n<h2 class=\"wp-block-heading\">DIE ST. PANCRATIUS-KIRCHE ROTHENSCHIRMBACH<\/h2>\n\n\n\n<p>Erste Erw\u00e4hnung fand eine Kirche zu Rothenschirmbach bereits im 10. Jahrhundert, welche nach Gr\u00fcndung dem Heiligen Pancratius geweiht wurde.<br><br>Zur Zeit der wirtschaftlich starken Entwicklung des Gebietes in der 2. H\u00e4lfte des 19. Jahrhunderts wurde eine neue und gr\u00f6\u00dferer Kirche, wie sie auch heute noch zu sehen ist, erbaut. Innerhalb eines Jahres \u2013 1893 \u2013 wurde unter Leitung des Pfarrers Dr. Gustav Warneck das neue Kirchenhaus aus dem typischen rotem Sandstein der Region des Hornburger Sattels errichtet.<br><br>In Verbindung mit dem Dorferneuerungsprogramm wurde 1998 das Dach der Kirche saniert.<br><br>Im Ergebnis der j\u00fcngsten Ausgrabungen auf der Trasse der Autobahn A 38 s\u00fcd\u00f6stlich von Rothenschirmbach (letzter Bauabschnitt) konnten Zeugnisse der bronzezeitlichen Aunjetitzer Kultur (ca. 2.300 bis 1.700 v.Chr.) gefunden werden.<br>Der Fund eines Kindergrabes aus dieser Zeit wurde dem Ort zur Dauerausstellung in der<br>Pancratius-Kirche \u00fcberlassen.<\/p>\n\n\n\n<figure class=\"wp-block-gallery has-nested-images columns-default is-cropped wp-block-gallery-1 is-layout-flex wp-block-gallery-is-layout-flex\">\n<figure class=\"wp-block-image size-large is-style-rounded\"><img loading=\"lazy\" decoding=\"async\" width=\"197\" height=\"148\" data-id=\"7\" src=\"https:\/\/autobahnkirche-rothenschirmbach.de\/wp-content\/uploads\/2023\/01\/glocke1.jpg\" alt=\"\" class=\"wp-image-7\"\/><\/figure>\n\n\n\n<figure class=\"wp-block-image size-large is-style-rounded\"><img loading=\"lazy\" decoding=\"async\" width=\"274\" height=\"360\" data-id=\"8\" src=\"https:\/\/autobahnkirche-rothenschirmbach.de\/wp-content\/uploads\/2023\/01\/im000007.jpg\" alt=\"\" class=\"wp-image-8\" srcset=\"https:\/\/autobahnkirche-rothenschirmbach.de\/wp-content\/uploads\/2023\/01\/im000007.jpg 274w, https:\/\/autobahnkirche-rothenschirmbach.de\/wp-content\/uploads\/2023\/01\/im000007-228x300.jpg 228w\" sizes=\"auto, (max-width: 274px) 100vw, 274px\" \/><\/figure>\n\n\n\n<figure class=\"wp-block-image size-large is-style-rounded\"><img loading=\"lazy\" decoding=\"async\" width=\"480\" height=\"616\" data-id=\"9\" src=\"https:\/\/autobahnkirche-rothenschirmbach.de\/wp-content\/uploads\/2023\/01\/im000008a.jpg\" alt=\"\" class=\"wp-image-9\" srcset=\"https:\/\/autobahnkirche-rothenschirmbach.de\/wp-content\/uploads\/2023\/01\/im000008a.jpg 480w, https:\/\/autobahnkirche-rothenschirmbach.de\/wp-content\/uploads\/2023\/01\/im000008a-234x300.jpg 234w\" sizes=\"auto, (max-width: 480px) 100vw, 480px\" \/><\/figure>\n<\/figure>\n","protected":false},"excerpt":{"rendered":"<p>DIE ST. PANCRATIUS-KIRCHE ROTHENSCHIRMBACH Erste Erw\u00e4hnung fand eine Kirche zu Rothenschirmbach bereits im 10. Jahrhundert, welche nach Gr\u00fcndung dem Heiligen Pancratius geweiht wurde. Zur Zeit der wirtschaftlich starken Entwicklung des Gebietes in der 2. H\u00e4lfte des 19. Jahrhunderts wurde eine neue und gr\u00f6\u00dferer Kirche, wie sie auch heute noch zu sehen ist, erbaut. Innerhalb eines [&hellip;]<\/p>\n","protected":false},"author":1,"featured_media":0,"parent":14,"menu_order":3,"comment_status":"closed","ping_status":"closed","template":"","meta":{"footnotes":""},"class_list":["post-5","page","type-page","status-publish","hentry"],"_links":{"self":[{"href":"https:\/\/autobahnkirche-rothenschirmbach.de\/index.php?rest_route=\/wp\/v2\/pages\/5","targetHints":{"allow":["GET"]}}],"collection":[{"href":"https:\/\/autobahnkirche-rothenschirmbach.de\/index.php?rest_route=\/wp\/v2\/pages"}],"about":[{"href":"https:\/\/autobahnkirche-rothenschirmbach.de\/index.php?rest_route=\/wp\/v2\/types\/page"}],"author":[{"embeddable":true,"href":"https:\/\/autobahnkirche-rothenschirmbach.de\/index.php?rest_route=\/wp\/v2\/users\/1"}],"replies":[{"embeddable":true,"href":"https:\/\/autobahnkirche-rothenschirmbach.de\/index.php?rest_route=%2Fwp%2Fv2%2Fcomments&post=5"}],"version-history":[{"count":1,"href":"https:\/\/autobahnkirche-rothenschirmbach.de\/index.php?rest_route=\/wp\/v2\/pages\/5\/revisions"}],"predecessor-version":[{"id":10,"href":"https:\/\/autobahnkirche-rothenschirmbach.de\/index.php?rest_route=\/wp\/v2\/pages\/5\/revisions\/10"}],"up":[{"embeddable":true,"href":"https:\/\/autobahnkirche-rothenschirmbach.de\/index.php?rest_route=\/wp\/v2\/pages\/14"}],"wp:attachment":[{"href":"https:\/\/autobahnkirche-rothenschirmbach.de\/index.php?rest_route=%2Fwp%2Fv2%2Fmedia&parent=5"}],"curies":[{"name":"wp","href":"https:\/\/api.w.org\/{rel}","templated":true}]}}